{"id":25564,"date":"2022-04-07T21:30:05","date_gmt":"2022-04-07T21:30:05","guid":{"rendered":"https:\/\/cunsol.edu.gt\/?page_id=25564"},"modified":"2022-04-13T18:41:04","modified_gmt":"2022-04-13T18:41:04","slug":"resena","status":"publish","type":"page","link":"https:\/\/www.cunsol.edu.gt\/?page_id=25564","title":{"rendered":"Rese\u00f1a"},"content":{"rendered":"\t\t<div data-elementor-type=\"wp-post\" data-elementor-id=\"25564\" class=\"elementor elementor-25564\">\n\t\t\t\t\t\t<section class=\"elementor-section elementor-top-section elementor-element elementor-element-9690a79 elementor-section-boxed elementor-section-height-default elementor-section-height-default\" data-id=\"9690a79\" data-element_type=\"section\" data-e-type=\"section\" data-settings=\"{&quot;background_background&quot;:&quot;classic&quot;}\">\n\t\t\t\t\t\t<div class=\"elementor-container elementor-column-gap-default\">\n\t\t\t\t\t<div class=\"elementor-column elementor-col-100 elementor-top-column elementor-element elementor-element-545e8eb\" data-id=\"545e8eb\" data-element_type=\"column\" data-e-type=\"column\">\n\t\t\t<div class=\"elementor-widget-wrap elementor-element-populated\">\n\t\t\t\t\t\t<div class=\"elementor-element elementor-element-ae623d8 elementor-widget elementor-widget-spacer\" data-id=\"ae623d8\" data-element_type=\"widget\" data-e-type=\"widget\" data-widget_type=\"spacer.default\">\n\t\t\t\t<div class=\"elementor-widget-container\">\n\t\t\t\t\t\t\t<div class=\"elementor-spacer\">\n\t\t\t<div class=\"elementor-spacer-inner\"><\/div>\n\t\t<\/div>\n\t\t\t\t\t\t<\/div>\n\t\t\t\t<\/div>\n\t\t\t\t\t<\/div>\n\t\t<\/div>\n\t\t\t\t\t<\/div>\n\t\t<\/section>\n\t\t\t\t<section class=\"elementor-section elementor-top-section elementor-element elementor-element-956eb93 elementor-section-content-middle elementor-section-boxed elementor-section-height-default elementor-section-height-default\" data-id=\"956eb93\" data-element_type=\"section\" data-e-type=\"section\" data-settings=\"{&quot;background_background&quot;:&quot;classic&quot;,&quot;shape_divider_bottom&quot;:&quot;waves&quot;}\">\n\t\t\t\t\t<div class=\"elementor-shape elementor-shape-bottom\" aria-hidden=\"true\" data-negative=\"false\">\n\t\t\t<svg xmlns=\"http:\/\/www.w3.org\/2000\/svg\" viewBox=\"0 0 1000 100\" preserveAspectRatio=\"none\">\n\t<path class=\"elementor-shape-fill\" d=\"M421.9,6.5c22.6-2.5,51.5,0.4,75.5,5.3c23.6,4.9,70.9,23.5,100.5,35.7c75.8,32.2,133.7,44.5,192.6,49.7\n\tc23.6,2.1,48.7,3.5,103.4-2.5c54.7-6,106.2-25.6,106.2-25.6V0H0v30.3c0,0,72,32.6,158.4,30.5c39.2-0.7,92.8-6.7,134-22.4\n\tc21.2-8.1,52.2-18.2,79.7-24.2C399.3,7.9,411.6,7.5,421.9,6.5z\"\/>\n<\/svg>\t\t<\/div>\n\t\t\t\t\t<div class=\"elementor-container elementor-column-gap-default\">\n\t\t\t\t\t<div class=\"elementor-column elementor-col-100 elementor-top-column elementor-element elementor-element-b2ad314\" data-id=\"b2ad314\" data-element_type=\"column\" data-e-type=\"column\">\n\t\t\t<div class=\"elementor-widget-wrap elementor-element-populated\">\n\t\t\t\t\t\t<div class=\"elementor-element elementor-element-79ded8e elementor-widget elementor-widget-video\" data-id=\"79ded8e\" data-element_type=\"widget\" data-e-type=\"widget\" data-settings=\"{&quot;video_type&quot;:&quot;hosted&quot;,&quot;autoplay&quot;:&quot;yes&quot;,&quot;controls&quot;:&quot;yes&quot;}\" data-widget_type=\"video.default\">\n\t\t\t\t<div class=\"elementor-widget-container\">\n\t\t\t\t\t\t\t<div class=\"e-hosted-video elementor-wrapper elementor-open-inline\">\n\t\t\t\t\t<video class=\"elementor-video\" src=\"https:\/\/cunsol.edu.gt\/wp-content\/uploads\/2022\/04\/Resena-Historica.mp4\" autoplay=\"\" controls=\"\" controlsList=\"nodownload\"><\/video>\n\t\t\t\t<\/div>\n\t\t\t\t\t\t<\/div>\n\t\t\t\t<\/div>\n\t\t\t\t\t<\/div>\n\t\t<\/div>\n\t\t\t\t\t<\/div>\n\t\t<\/section>\n\t\t\t\t<section class=\"elementor-section elementor-top-section elementor-element elementor-element-724a8d0 elementor-section-boxed elementor-section-height-default elementor-section-height-default\" data-id=\"724a8d0\" data-element_type=\"section\" data-e-type=\"section\">\n\t\t\t\t\t\t<div class=\"elementor-container elementor-column-gap-default\">\n\t\t\t\t\t<div class=\"elementor-column elementor-col-100 elementor-top-column elementor-element elementor-element-128107d\" data-id=\"128107d\" data-element_type=\"column\" data-e-type=\"column\">\n\t\t\t<div class=\"elementor-widget-wrap elementor-element-populated\">\n\t\t\t\t\t\t<div class=\"elementor-element elementor-element-00cadfc elementor-widget elementor-widget-image-box\" data-id=\"00cadfc\" data-element_type=\"widget\" data-e-type=\"widget\" data-widget_type=\"image-box.default\">\n\t\t\t\t<div class=\"elementor-widget-container\">\n\t\t\t\t\t<div class=\"elementor-image-box-wrapper\"><div class=\"elementor-image-box-content\"><h2 class=\"elementor-image-box-title\">Rese\u00f1a Hist\u00f3rica<\/h2><\/div><\/div>\t\t\t\t<\/div>\n\t\t\t\t<\/div>\n\t\t\t\t\t<\/div>\n\t\t<\/div>\n\t\t\t\t\t<\/div>\n\t\t<\/section>\n\t\t\t\t<section class=\"elementor-section elementor-top-section elementor-element elementor-element-f6386f1 elementor-section-boxed elementor-section-height-default elementor-section-height-default\" data-id=\"f6386f1\" data-element_type=\"section\" data-e-type=\"section\">\n\t\t\t\t\t\t<div class=\"elementor-container elementor-column-gap-default\">\n\t\t\t\t\t<div class=\"elementor-column elementor-col-100 elementor-top-column elementor-element elementor-element-7761cf6\" data-id=\"7761cf6\" data-element_type=\"column\" data-e-type=\"column\">\n\t\t\t<div class=\"elementor-widget-wrap elementor-element-populated\">\n\t\t\t\t\t\t<section class=\"elementor-section elementor-inner-section elementor-element elementor-element-86e0760 elementor-section-boxed elementor-section-height-default elementor-section-height-default\" data-id=\"86e0760\" data-element_type=\"section\" data-e-type=\"section\" data-settings=\"{&quot;background_background&quot;:&quot;classic&quot;}\">\n\t\t\t\t\t\t<div class=\"elementor-container elementor-column-gap-default\">\n\t\t\t\t\t<div class=\"elementor-column elementor-col-100 elementor-inner-column elementor-element elementor-element-f20278f\" data-id=\"f20278f\" data-element_type=\"column\" data-e-type=\"column\" data-settings=\"{&quot;background_background&quot;:&quot;classic&quot;}\">\n\t\t\t<div class=\"elementor-widget-wrap elementor-element-populated\">\n\t\t\t\t\t\t<div class=\"elementor-element elementor-element-5f1cf7a elementor-widget elementor-widget-text-editor\" data-id=\"5f1cf7a\" data-element_type=\"widget\" data-e-type=\"widget\" data-widget_type=\"text-editor.default\">\n\t\t\t\t<div class=\"elementor-widget-container\">\n\t\t\t\t\t\t\t\t\t<p style=\"background: white; margin: 0cm 0cm 15.0pt 0cm;\"><span style=\"font-family: 'Segoe UI',sans-serif; color: #393939;\">En fecha 14 de noviembre de 2012, en acta No. 22-2012, punto SEXTO, inciso 6.1 fue aprobada por el Consejo Superior Universitario, la creaci\u00f3n del Centro Universitario de Solol\u00e1 con funciones in\u00edciales a partir del a\u00f1o 2013.<\/span><\/p><p style=\"background: white; margin: 0cm 0cm 15.0pt 0cm;\"><span style=\"font-family: 'Segoe UI',sans-serif; color: #393939;\">Luego de haberse realizado el estudio de pre-factibilidad para la creaci\u00f3n e implementaci\u00f3n del Centro Universitario de Solol\u00e1 por asignaci\u00f3n del Se\u00f1or Rector a la Coordinadora General de Planificaci\u00f3n.<\/span><\/p><p style=\"background: white; margin: 0cm 0cm 15.0pt 0cm;\"><span style=\"font-family: 'Segoe UI',sans-serif; color: #393939;\">En dicha sesi\u00f3n el Consejo Superior Universitario anticip\u00f3 que las carreras que se implementar\u00edan en el Centro Universitario en 2013, ser\u00edan \u201cobjeto de estudio y an\u00e1lisis con opiniones de las instancias correspondientes, para luego ser presentadas para su consideraci\u00f3n y aprobaci\u00f3n ante ese \u00f3rgano de direcci\u00f3n\u201d.<\/span><\/p><p style=\"background: white; margin: 0cm 0cm 15.0pt 0cm;\"><span style=\"font-family: 'Segoe UI',sans-serif; color: #393939;\">Se determin\u00f3 que las carreras con las que iniciar\u00eda el Centro Universitario en Solol\u00e1, ser\u00edan las de Licenciatura en Ciencias Jur\u00eddicas y Sociales, Abogac\u00eda y Notariado y Licenciatura en Auditor\u00eda.<\/span><\/p><p style=\"background: white; margin: 0cm 0cm 15.0pt 0cm;\"><span style=\"font-family: 'Segoe UI',sans-serif; color: #393939;\">El Centro Universitario inicia funciones el 18 de marzo del a\u00f1o 2013 en la Escuela Tipo Federaci\u00f3n \u201cJos\u00e9 Vitelio Ral\u00f3n\u201d ubicada en la cabecera departamental de Solol\u00e1, por mandato del Se\u00f1or Rector Dr. Estuardo G\u00e1lvez.\u00a0\u00a0 El d\u00eda 21 de marzo del 2013, se realiza el acto oficial de inauguraci\u00f3n en la CDAG de Solol\u00e1, teniendo la presencia de diferentes autoridades Universitarias y Departamentales.<\/span><\/p>\t\t\t\t\t\t\t\t<\/div>\n\t\t\t\t<\/div>\n\t\t\t\t\t<\/div>\n\t\t<\/div>\n\t\t\t\t\t<\/div>\n\t\t<\/section>\n\t\t\t\t\t<\/div>\n\t\t<\/div>\n\t\t\t\t\t<\/div>\n\t\t<\/section>\n\t\t\t\t<section class=\"elementor-section elementor-top-section elementor-element elementor-element-af3dfc7 elementor-section-boxed elementor-section-height-default elementor-section-height-default\" data-id=\"af3dfc7\" data-element_type=\"section\" data-e-type=\"section\">\n\t\t\t\t\t\t<div class=\"elementor-container elementor-column-gap-default\">\n\t\t\t\t\t<div class=\"elementor-column elementor-col-100 elementor-top-column elementor-element elementor-element-80a4cc2\" data-id=\"80a4cc2\" data-element_type=\"column\" data-e-type=\"column\">\n\t\t\t<div class=\"elementor-widget-wrap elementor-element-populated\">\n\t\t\t\t\t\t<div class=\"elementor-element elementor-element-97dc0e8 elementor-widget elementor-widget-spacer\" data-id=\"97dc0e8\" data-element_type=\"widget\" data-e-type=\"widget\" data-widget_type=\"spacer.default\">\n\t\t\t\t<div class=\"elementor-widget-container\">\n\t\t\t\t\t\t\t<div class=\"elementor-spacer\">\n\t\t\t<div class=\"elementor-spacer-inner\"><\/div>\n\t\t<\/div>\n\t\t\t\t\t\t<\/div>\n\t\t\t\t<\/div>\n\t\t\t\t\t<\/div>\n\t\t<\/div>\n\t\t\t\t\t<\/div>\n\t\t<\/section>\n\t\t\t\t<section class=\"elementor-section elementor-top-section elementor-element elementor-element-9779d0b elementor-section-boxed elementor-section-height-default elementor-section-height-default\" data-id=\"9779d0b\" data-element_type=\"section\" data-e-type=\"section\">\n\t\t\t\t\t\t<div class=\"elementor-container elementor-column-gap-default\">\n\t\t\t\t\t<div class=\"elementor-column elementor-col-100 elementor-top-column elementor-element elementor-element-bc59e4e\" data-id=\"bc59e4e\" data-element_type=\"column\" data-e-type=\"column\">\n\t\t\t<div class=\"elementor-widget-wrap elementor-element-populated\">\n\t\t\t\t\t\t<div class=\"elementor-element elementor-element-89ad5b9 elementor-widget elementor-widget-image-gallery\" data-id=\"89ad5b9\" data-element_type=\"widget\" data-e-type=\"widget\" data-widget_type=\"image-gallery.default\">\n\t\t\t\t<div class=\"elementor-widget-container\">\n\t\t\t\t\t\t\t<div class=\"elementor-image-gallery\">\n\t\t\t<div id='gallery-1' class='gallery galleryid-25564 gallery-columns-3 gallery-size-medium'><figure class='gallery-item'>\n\t\t\t<div class='gallery-icon portrait'>\n\t\t\t\t<a data-elementor-open-lightbox=\"yes\" data-elementor-lightbox-slideshow=\"89ad5b9\" data-elementor-lightbox-title=\"Centro Universitario de Solol\u00e1\" data-elementor-lightbox-description=\"Centro Universitario de Solol\u00e1\" data-e-action-hash=\"#elementor-action%3Aaction%3Dlightbox%26settings%3DeyJpZCI6MjU1OTMsInVybCI6Imh0dHBzOlwvXC93d3cuY3Vuc29sLmVkdS5ndFwvd3AtY29udGVudFwvdXBsb2Fkc1wvMjAyMlwvMDRcL1doYXRzQXBwLUltYWdlLTIwMjItMDQtMDctYXQtMTEuMDguNDctQU0uanBlZyIsInNsaWRlc2hvdyI6Ijg5YWQ1YjkifQ%3D%3D\" href='https:\/\/www.cunsol.edu.gt\/wp-content\/uploads\/2022\/04\/WhatsApp-Image-2022-04-07-at-11.08.47-AM.jpeg'><img fetchpriority=\"high\" decoding=\"async\" width=\"169\" height=\"300\" src=\"https:\/\/www.cunsol.edu.gt\/wp-content\/uploads\/2022\/04\/WhatsApp-Image-2022-04-07-at-11.08.47-AM-169x300.jpeg\" class=\"attachment-medium size-medium\" alt=\"Centro Universitario de Solol\u00e1\" srcset=\"https:\/\/www.cunsol.edu.gt\/wp-content\/uploads\/2022\/04\/WhatsApp-Image-2022-04-07-at-11.08.47-AM-169x300.jpeg 169w, https:\/\/www.cunsol.edu.gt\/wp-content\/uploads\/2022\/04\/WhatsApp-Image-2022-04-07-at-11.08.47-AM-576x1024.jpeg 576w, https:\/\/www.cunsol.edu.gt\/wp-content\/uploads\/2022\/04\/WhatsApp-Image-2022-04-07-at-11.08.47-AM.jpeg 720w\" sizes=\"(max-width: 169px) 100vw, 169px\" \/><\/a>\n\t\t\t<\/div><\/figure><figure class='gallery-item'>\n\t\t\t<div class='gallery-icon landscape'>\n\t\t\t\t<a data-elementor-open-lightbox=\"yes\" data-elementor-lightbox-slideshow=\"89ad5b9\" data-elementor-lightbox-title=\"Centro Universitario de Solol\u00e1\" data-elementor-lightbox-description=\"Centro Universitario de Solol\u00e1\" data-e-action-hash=\"#elementor-action%3Aaction%3Dlightbox%26settings%3DeyJpZCI6MjU1OTQsInVybCI6Imh0dHBzOlwvXC93d3cuY3Vuc29sLmVkdS5ndFwvd3AtY29udGVudFwvdXBsb2Fkc1wvMjAyMlwvMDRcL1doYXRzQXBwLUltYWdlLTIwMjItMDQtMDctYXQtMTEuMDguNDctQU0tMS5qcGVnIiwic2xpZGVzaG93IjoiODlhZDViOSJ9\" href='https:\/\/www.cunsol.edu.gt\/wp-content\/uploads\/2022\/04\/WhatsApp-Image-2022-04-07-at-11.08.47-AM-1.jpeg'><img decoding=\"async\" width=\"300\" height=\"225\" src=\"https:\/\/www.cunsol.edu.gt\/wp-content\/uploads\/2022\/04\/WhatsApp-Image-2022-04-07-at-11.08.47-AM-1-300x225.jpeg\" class=\"attachment-medium size-medium\" alt=\"Centro Universitario de Solol\u00e1\" srcset=\"https:\/\/www.cunsol.edu.gt\/wp-content\/uploads\/2022\/04\/WhatsApp-Image-2022-04-07-at-11.08.47-AM-1-300x225.jpeg 300w, https:\/\/www.cunsol.edu.gt\/wp-content\/uploads\/2022\/04\/WhatsApp-Image-2022-04-07-at-11.08.47-AM-1-1024x766.jpeg 1024w, https:\/\/www.cunsol.edu.gt\/wp-content\/uploads\/2022\/04\/WhatsApp-Image-2022-04-07-at-11.08.47-AM-1-768x575.jpeg 768w, https:\/\/www.cunsol.edu.gt\/wp-content\/uploads\/2022\/04\/WhatsApp-Image-2022-04-07-at-11.08.47-AM-1.jpeg 1280w\" sizes=\"(max-width: 300px) 100vw, 300px\" \/><\/a>\n\t\t\t<\/div><\/figure><figure class='gallery-item'>\n\t\t\t<div class='gallery-icon portrait'>\n\t\t\t\t<a data-elementor-open-lightbox=\"yes\" data-elementor-lightbox-slideshow=\"89ad5b9\" data-elementor-lightbox-title=\"Centro Universitario de Solol\u00e1\" data-elementor-lightbox-description=\"Centro Universitario de Solol\u00e1\" data-e-action-hash=\"#elementor-action%3Aaction%3Dlightbox%26settings%3DeyJpZCI6MjU1OTIsInVybCI6Imh0dHBzOlwvXC93d3cuY3Vuc29sLmVkdS5ndFwvd3AtY29udGVudFwvdXBsb2Fkc1wvMjAyMlwvMDRcL1doYXRzQXBwLUltYWdlLTIwMjItMDQtMDctYXQtMTEuMDguNDgtQU0uanBlZyIsInNsaWRlc2hvdyI6Ijg5YWQ1YjkifQ%3D%3D\" href='https:\/\/www.cunsol.edu.gt\/wp-content\/uploads\/2022\/04\/WhatsApp-Image-2022-04-07-at-11.08.48-AM.jpeg'><img decoding=\"async\" width=\"225\" height=\"300\" src=\"https:\/\/www.cunsol.edu.gt\/wp-content\/uploads\/2022\/04\/WhatsApp-Image-2022-04-07-at-11.08.48-AM-225x300.jpeg\" class=\"attachment-medium size-medium\" alt=\"Centro Universitario de Solol\u00e1\" srcset=\"https:\/\/www.cunsol.edu.gt\/wp-content\/uploads\/2022\/04\/WhatsApp-Image-2022-04-07-at-11.08.48-AM-225x300.jpeg 225w, https:\/\/www.cunsol.edu.gt\/wp-content\/uploads\/2022\/04\/WhatsApp-Image-2022-04-07-at-11.08.48-AM-768x1024.jpeg 768w, https:\/\/www.cunsol.edu.gt\/wp-content\/uploads\/2022\/04\/WhatsApp-Image-2022-04-07-at-11.08.48-AM.jpeg 780w\" sizes=\"(max-width: 225px) 100vw, 225px\" \/><\/a>\n\t\t\t<\/div><\/figure>\n\t\t<\/div>\n\t\t<\/div>\n\t\t\t\t\t\t<\/div>\n\t\t\t\t<\/div>\n\t\t\t\t\t<\/div>\n\t\t<\/div>\n\t\t\t\t\t<\/div>\n\t\t<\/section>\n\t\t\t\t<\/div>\n\t\t","protected":false},"excerpt":{"rendered":"<p>https:\/\/cunsol.edu.gt\/wp-content\/uploads\/2022\/04\/Resena-Historica.mp4 Rese\u00f1a Hist\u00f3rica En fecha 14 de noviembre de 2012, en acta No. 22-2012, punto SEXTO, inciso 6.1 fue aprobada por el Consejo Superior Universitario, la creaci\u00f3n del Centro Universitario de Solol\u00e1 con funciones in\u00edciales a partir del a\u00f1o 2013. Luego de haberse realizado el estudio de pre-factibilidad para la creaci\u00f3n e implementaci\u00f3n del Centro [&hellip;]<\/p>\n","protected":false},"author":1,"featured_media":0,"parent":0,"menu_order":0,"comment_status":"closed","ping_status":"closed","template":"","meta":{"site-sidebar-layout":"no-sidebar","site-content-layout":"page-builder","ast-site-content-layout":"default","site-content-style":"default","site-sidebar-style":"default","ast-global-header-display":"","ast-banner-title-visibility":"","ast-main-header-display":"","ast-hfb-above-header-display":"","ast-hfb-below-header-display":"","ast-hfb-mobile-header-display":"","site-post-title":"disabled","ast-breadcrumbs-content":"","ast-featured-img":"disabled","footer-sml-layout":"","ast-disable-related-posts":"","theme-transparent-header-meta":"enabled","adv-header-id-meta":"","stick-header-meta":"","header-above-stick-meta":"","header-main-stick-meta":"","header-below-stick-meta":"","astra-migrate-meta-layouts":"default","ast-page-background-enabled":"default","ast-page-background-meta":{"desktop":{"background-color":"","background-image":"","background-repeat":"repeat","background-position":"center center","background-size":"auto","background-attachment":"scroll","background-type":"","background-media":"","overlay-type":"","overlay-color":"","overlay-opacity":"","overlay-gradient":""},"tablet":{"background-color":"","background-image":"","background-repeat":"repeat","background-position":"center center","background-size":"auto","background-attachment":"scroll","background-type":"","background-media":"","overlay-type":"","overlay-color":"","overlay-opacity":"","overlay-gradient":""},"mobile":{"background-color":"","background-image":"","background-repeat":"repeat","background-position":"center center","background-size":"auto","background-attachment":"scroll","background-type":"","background-media":"","overlay-type":"","overlay-color":"","overlay-opacity":"","overlay-gradient":""}},"ast-content-background-meta":{"desktop":{"background-color":"var(--ast-global-color-5)","background-image":"","background-repeat":"repeat","background-position":"center center","background-size":"auto","background-attachment":"scroll","background-type":"","background-media":"","overlay-type":"","overlay-color":"","overlay-opacity":"","overlay-gradient":""},"tablet":{"background-color":"var(--ast-global-color-5)","background-image":"","background-repeat":"repeat","background-position":"center center","background-size":"auto","background-attachment":"scroll","background-type":"","background-media":"","overlay-type":"","overlay-color":"","overlay-opacity":"","overlay-gradient":""},"mobile":{"background-color":"var(--ast-global-color-5)","background-image":"","background-repeat":"repeat","background-position":"center center","background-size":"auto","background-attachment":"scroll","background-type":"","background-media":"","overlay-type":"","overlay-color":"","overlay-opacity":"","overlay-gradient":""}},"footnotes":""},"class_list":["post-25564","page","type-page","status-publish","hentry"],"_links":{"self":[{"href":"https:\/\/www.cunsol.edu.gt\/index.php?rest_route=\/wp\/v2\/pages\/25564","targetHints":{"allow":["GET"]}}],"collection":[{"href":"https:\/\/www.cunsol.edu.gt\/index.php?rest_route=\/wp\/v2\/pages"}],"about":[{"href":"https:\/\/www.cunsol.edu.gt\/index.php?rest_route=\/wp\/v2\/types\/page"}],"author":[{"embeddable":true,"href":"https:\/\/www.cunsol.edu.gt\/index.php?rest_route=\/wp\/v2\/users\/1"}],"replies":[{"embeddable":true,"href":"https:\/\/www.cunsol.edu.gt\/index.php?rest_route=%2Fwp%2Fv2%2Fcomments&post=25564"}],"version-history":[{"count":5,"href":"https:\/\/www.cunsol.edu.gt\/index.php?rest_route=\/wp\/v2\/pages\/25564\/revisions"}],"predecessor-version":[{"id":25620,"href":"https:\/\/www.cunsol.edu.gt\/index.php?rest_route=\/wp\/v2\/pages\/25564\/revisions\/25620"}],"wp:attachment":[{"href":"https:\/\/www.cunsol.edu.gt\/index.php?rest_route=%2Fwp%2Fv2%2Fmedia&parent=25564"}],"curies":[{"name":"wp","href":"https:\/\/api.w.org\/{rel}","templated":true}]}}